{"id":971,"date":"2023-03-07T09:28:02","date_gmt":"2023-03-07T09:28:02","guid":{"rendered":"http:\/\/qvdfood.123websitedev.com\/?page_id=476"},"modified":"2023-05-10T14:38:21","modified_gmt":"2023-05-10T07:38:21","slug":"san-pham","status":"publish","type":"page","link":"https:\/\/qvdaqua.com\/zh\/san-pham\/","title":{"rendered":"\u4ea7\u54c1"},"content":{"rendered":"<div data-elementor-type=\"wp-page\" data-elementor-id=\"971\" class=\"elementor elementor-971\">\n\t\t\t\t\t\t\t\t\t<section class=\"elementor-section elementor-top-section elementor-element elementor-element-0599d2e elementor-hidden-desktop elementor-hidden-tablet elementor-hidden-mobile elementor-section-boxed elementor-section-height-default elementor-section-height-default\" data-id=\"0599d2e\" data-element_type=\"section\" data-settings=\"{&quot;ekit_has_onepagescroll_dot&quot;:&quot;yes&quot;}\">\n\t\t\t\t\t\t<div class=\"elementor-container elementor-column-gap-default\">\n\t\t\t\t\t<div class=\"elementor-column elementor-col-100 elementor-top-column elementor-element elementor-element-76a783b\" data-id=\"76a783b\" data-element_type=\"column\">\n\t\t\t<div class=\"elementor-widget-wrap elementor-element-populated\">\n\t\t\t\t\t\t\t\t<div class=\"elementor-element elementor-element-e9b0dea elementor-align-center tab-product elementor-mobile-align-left elementor-icon-list--layout-inline elementor-list-item-link-full_width elementor-widget elementor-widget-icon-list\" data-id=\"e9b0dea\" data-element_type=\"widget\" data-settings=\"{&quot;ekit_we_effect_on&quot;:&quot;none&quot;}\" data-widget_type=\"icon-list.default\">\n\t\t\t\t<div class=\"elementor-widget-container\">\n\t\t\t<link rel=\"stylesheet\" href=\"https:\/\/qvdaqua.com\/wp-content\/plugins\/elementor\/assets\/css\/widget-icon-list.min.css\">\t\t<ul class=\"elementor-icon-list-items elementor-inline-items\">\n\t\t\t\t\t\t\t<li class=\"elementor-icon-list-item elementor-inline-item\">\n\t\t\t\t\t\t\t\t\t\t\t<a href=\"#\">\n\n\t\t\t\t\t\t\t\t\t\t\t<span class=\"elementor-icon-list-text\">\u5168\u90e8<\/span>\n\t\t\t\t\t\t\t\t\t\t\t<\/a>\n\t\t\t\t\t\t\t\t\t<\/li>\n\t\t\t\t\t\t\t\t<li class=\"elementor-icon-list-item elementor-inline-item\">\n\t\t\t\t\t\t\t\t\t\t\t<a href=\"https:\/\/qvdaqua.com\/zh\/ca-fillet\/\">\n\n\t\t\t\t\t\t\t\t\t\t\t<span class=\"elementor-icon-list-text\">\u9c7c\u7247<\/span>\n\t\t\t\t\t\t\t\t\t\t\t<\/a>\n\t\t\t\t\t\t\t\t\t<\/li>\n\t\t\t\t\t\t\t\t<li class=\"elementor-icon-list-item elementor-inline-item\">\n\t\t\t\t\t\t\t\t\t\t\t<a href=\"https:\/\/qvdaqua.com\/zh\/ca-cat-khuc\/\">\n\n\t\t\t\t\t\t\t\t\t\t\t<span class=\"elementor-icon-list-text\">\u9c7c\u7247<\/span>\n\t\t\t\t\t\t\t\t\t\t\t<\/a>\n\t\t\t\t\t\t\t\t\t<\/li>\n\t\t\t\t\t\t\t\t<li class=\"elementor-icon-list-item elementor-inline-item\">\n\t\t\t\t\t\t\t\t\t\t\t<a href=\"https:\/\/qvdaqua.com\/zh\/ca-nguyen-con\/\">\n\n\t\t\t\t\t\t\t\t\t\t\t<span class=\"elementor-icon-list-text\">\u6574\u6761\u9c7c<\/span>\n\t\t\t\t\t\t\t\t\t\t\t<\/a>\n\t\t\t\t\t\t\t\t\t<\/li>\n\t\t\t\t\t\t\t\t<li class=\"elementor-icon-list-item elementor-inline-item\">\n\t\t\t\t\t\t\t\t\t\t\t<a href=\"https:\/\/qvdaqua.com\/zh\/cac-san-pham-khac\/\">\n\n\t\t\t\t\t\t\t\t\t\t\t<span class=\"elementor-icon-list-text\">\u5176\u4ed6\u4ea7\u54c1<\/span>\n\t\t\t\t\t\t\t\t\t\t\t<\/a>\n\t\t\t\t\t\t\t\t\t<\/li>\n\t\t\t\t\t\t<\/ul>\n\t\t\t\t<\/div>\n\t\t\t\t<\/div>\n\t\t\t\t<div class=\"elementor-element elementor-element-ea23be1 elementor-widget elementor-widget-text-editor\" data-id=\"ea23be1\" data-element_type=\"widget\" data-settings=\"{&quot;ekit_we_effect_on&quot;:&quot;none&quot;}\" data-widget_type=\"text-editor.default\">\n\t\t\t\t<div class=\"elementor-widget-container\">\n\t\t\t<style>\/*! elementor - v3.11.2 - 22-02-2023 *\/\n.elementor-widget-text-editor.elementor-drop-cap-view-stacked .elementor-drop-cap{background-color:#818a91;color:#fff}.elementor-widget-text-editor.elementor-drop-cap-view-framed .elementor-drop-cap{color:#818a91;border:3px solid;background-color:transparent}.elementor-widget-text-editor:not(.elementor-drop-cap-view-default) .elementor-drop-cap{margin-top:8px}.elementor-widget-text-editor:not(.elementor-drop-cap-view-default) .elementor-drop-cap-letter{width:1em;height:1em}.elementor-widget-text-editor .elementor-drop-cap{float:left;text-align:center;line-height:1;font-size:50px}.elementor-widget-text-editor .elementor-drop-cap-letter{display:inline-block}<\/style>\t\t\t\t<p>\u5df4\u6c99\u9c7c\u539f\u4ea7\u4e8e\u6e44\u516c\u6cb3\u4e09\u89d2\u6d32\u7684\u6de1\u6c34\u6c60\u5858\u548c\u6cb3\u6d41\uff0c\u5df2\u6210\u4e3a\u8d8a\u5357\u4eba\u6c11\u65e5\u5e38\u996e\u98df\u4e2d\u7684\u4e3b\u98df\u3002\u5df4\u6c99\u9c7c\u4ea7\u54c1\u4e5f\u56e0\u5176\u9002\u5408\u591a\u79cd\u4e0d\u540c\u83dc\u7cfb\u7684\u53e3\u5473\u800c\u53d7\u5230\u4e16\u754c\u5404\u5730\u6d88\u8d39\u8005\u7684\u9752\u7750\uff0c\u51fa\u53e3\u5230130\u591a\u4e2a\u56fd\u5bb6\u548c\u5730\u533a\u3002<\/p>\t\t\t\t\t\t<\/div>\n\t\t\t\t<\/div>\n\t\t\t\t<section class=\"elementor-section elementor-inner-section elementor-element elementor-element-297b1ff project elementor-section-boxed elementor-section-height-default elementor-section-height-default\" data-id=\"297b1ff\" data-element_type=\"section\" data-settings=\"{&quot;ekit_has_onepagescroll_dot&quot;:&quot;yes&quot;}\">\n\t\t\t\t\t\t<div class=\"elementor-container elementor-column-gap-default\">\n\t\t\t\t\t<div class=\"elementor-column elementor-col-50 elementor-inner-column elementor-element elementor-element-7e36326\" data-id=\"7e36326\" data-element_type=\"column\">\n\t\t\t<div class=\"elementor-widget-wrap elementor-element-populated\">\n\t\t\t\t\t\t\t\t<div class=\"elementor-element elementor-element-88cca6a elementor-widget elementor-widget-image\" data-id=\"88cca6a\" data-element_type=\"widget\" data-settings=\"{&quot;ekit_we_effect_on&quot;:&quot;none&quot;}\" data-widget_type=\"image.default\">\n\t\t\t\t<div class=\"elementor-widget-container\">\n\t\t\t<style>\/*! elementor - v3.11.2 - 22-02-2023 *\/\n.elementor-widget-image{text-align:center}.elementor-widget-image a{display:inline-block}.elementor-widget-image a img[src$=\".svg\"]{width:48px}.elementor-widget-image img{vertical-align:middle;display:inline-block}<\/style>\t\t\t\t\t\t\t\t\t\t\t\t\t<a href=\"#\">\n\t\t\t\t\t\t\t<img decoding=\"async\" width=\"800\" height=\"534\" src=\"https:\/\/qvdaqua.com\/wp-content\/uploads\/2023\/03\/banner-sanpham-1024x683.jpg\" class=\"attachment-large size-large wp-image-574\" alt=\"\" loading=\"lazy\" srcset=\"https:\/\/qvdaqua.com\/wp-content\/uploads\/2023\/03\/banner-sanpham.jpg 1024w, https:\/\/qvdaqua.com\/wp-content\/uploads\/2023\/03\/banner-sanpham-300x200.jpg 300w, https:\/\/qvdaqua.com\/wp-content\/uploads\/2023\/03\/banner-sanpham-768x512.jpg 768w, https:\/\/qvdaqua.com\/wp-content\/uploads\/2023\/03\/banner-sanpham-1536x1025.jpg 1536w, https:\/\/qvdaqua.com\/wp-content\/uploads\/2023\/03\/banner-sanpham-600x400.jpg 600w\" sizes=\"(max-width: 800px) 100vw, 800px\" \/>\t\t\t\t\t\t\t\t<\/a>\n\t\t\t\t\t\t\t\t\t\t\t\t\t\t\t<\/div>\n\t\t\t\t<\/div>\n\t\t\t\t\t<\/div>\n\t\t<\/div>\n\t\t\t\t<div class=\"elementor-column elementor-col-50 elementor-inner-column elementor-element elementor-element-2c67685\" data-id=\"2c67685\" data-element_type=\"column\">\n\t\t\t<div class=\"elementor-widget-wrap elementor-element-populated\">\n\t\t\t\t\t\t\t\t<div class=\"elementor-element elementor-element-8872900 elementor-widget elementor-widget-html\" data-id=\"8872900\" data-element_type=\"widget\" data-settings=\"{&quot;ekit_we_effect_on&quot;:&quot;none&quot;}\" data-widget_type=\"html.default\">\n\t\t\t\t<div class=\"elementor-widget-container\">\n\t\t\t<div class=\"box-content\">\n    <h3>\u4ea7\u54c1\u4ecb\u7ecd<\/h3>\n    <p>\u5728QVD Food\uff0c\u6211\u4eec\u76f8\u4fe1\u98df\u7269\u4e0d\u4ec5\u8981\u6709\u9ad8\u8425\u517b\u4ef7\u503c\uff0c\u8fd8\u8981\u8ba9\u987e\u5ba2\u611f\u89c9\u826f\u597d\u3002\u56e0\u6b64\uff0c\u6211\u4eec\u7684\u4f7f\u547d\u662f\u4e3a\u4eca\u4e16\u540e\u4ee3\u5e26\u6765\u591a\u6837\u5316\u3001\u7f8e\u5473\u548c\u8425\u517b\u7684\u4ea7\u54c1\u3002<\/p>\n<\/div>\n\n<style>\n    .box-content {\n        position: absolute;\n        top: 110px;\n        margin-left: -100px;\n        background-color: #f6f6f6;\n        padding: 40px;\n    }\n    \n    \n    .box-content .button {\n        position: relative;\n    color: #333333;\n    text-align: center;\n    padding: 11px 40px;\n    position: relative;\n    -webkit-transition: all 0.3s;\n    -moz-transition: all 0.3s;\n    transition: all 0.3s;\n    overflow: hidden;\n    z-index: 1;\n    text-transform: uppercase;\n    font-size: 16px;\n    border: solid 2px #00517f;\n    position: relative;\n    font-weight: bold;\n    }\n    @media(max-width: 767px) {\n        .box-content {\n            margin-left: 0;\n            position: static;\n        }\n    }\n<\/style>\t\t<\/div>\n\t\t\t\t<\/div>\n\t\t\t\t\t<\/div>\n\t\t<\/div>\n\t\t\t\t\t\t\t<\/div>\n\t\t<\/section>\n\t\t\t\t<div class=\"elementor-element elementor-element-28d058b elementor-grid-3 elementor-grid-mobile-1 elementor-grid-tablet-3 elementor-products-grid elementor-wc-products elementor-widget elementor-widget-woocommerce-products\" data-id=\"28d058b\" data-element_type=\"widget\" data-settings=\"{&quot;ekit_we_effect_on&quot;:&quot;none&quot;}\" data-widget_type=\"woocommerce-products.default\">\n\t\t\t\t<div class=\"elementor-widget-container\">\n\t\t\t<link rel=\"stylesheet\" href=\"https:\/\/qvdaqua.com\/wp-content\/plugins\/elementor-pro\/assets\/css\/widget-woocommerce.min.css\"><div class=\"woocommerce columns-3\"><ul class=\"products elementor-grid columns-3\">\n<li class=\"product type-product post-1775 status-publish first instock product_cat-gia-tri-gia-tang has-post-thumbnail shipping-taxable product-type-simple\">\n\t        \n                \n        <div class=\"detail-pd\"><p>\u70b8\u9c7c\u997c \u2013 \u5757<\/p>\n<\/div>\n        <\/li>\n<li class=\"product type-product post-1773 status-publish instock product_cat-gia-tri-gia-tang has-post-thumbnail shipping-taxable product-type-simple\">\n\t        \n                \n        <div class=\"detail-pd\"><p>\u6d77\u9c9c\u5473\u9c7c\u4e38<\/p>\n<\/div>\n        <\/li>\n<li class=\"product type-product post-1771 status-publish last instock product_cat-gia-tri-gia-tang has-post-thumbnail shipping-taxable product-type-simple\">\n\t        \n                \n        <div class=\"detail-pd\"><p>\u84b8\u5377<\/p>\n<\/div>\n        <\/li>\n<li class=\"product type-product post-1768 status-publish first instock product_cat-gia-tri-gia-tang has-post-thumbnail shipping-taxable product-type-simple\">\n\t        \n                \n        <div class=\"detail-pd\"><p>\u70b8\u9c7c\u548c\u8717\u725b<\/p>\n<\/div>\n        <\/li>\n<li class=\"product type-product post-1765 status-publish instock product_cat-gia-tri-gia-tang has-post-thumbnail shipping-taxable product-type-simple\">\n\t        \n                \n        <div class=\"detail-pd\"><p>\u9c7c\u4e38-\u725b\u8089\u5473<\/p>\n<\/div>\n        <\/li>\n<li class=\"product type-product post-1763 status-publish last instock product_cat-gia-tri-gia-tang has-post-thumbnail shipping-taxable product-type-simple\">\n\t        \n                \n        <div class=\"detail-pd\"><p>\u9c7c\u4e38-\u867e\u5473<\/p>\n<\/div>\n        <\/li>\n<li class=\"product type-product post-1760 status-publish first instock product_cat-gia-tri-gia-tang has-post-thumbnail shipping-taxable product-type-simple\">\n\t        \n                \n        <div class=\"detail-pd\"><p>\u67e0\u6aac\u8349\u9c7c<\/p>\n<\/div>\n        <\/li>\n<li class=\"product type-product post-1758 status-publish instock product_cat-gia-tri-gia-tang has-post-thumbnail shipping-taxable product-type-simple\">\n\t        \n                \n        <div class=\"detail-pd\"><p>\u867e\u9171<\/p>\n<\/div>\n        <\/li>\n<li class=\"product type-product post-1606 status-publish last instock product_cat-gia-tri-gia-tang has-post-thumbnail shipping-taxable product-type-simple\">\n\t        \n                \n        <div class=\"detail-pd\"><p>Ch\u1ea3 vi\u00ean &#8211; D\u1ea1ng s\u1ee3i<\/p>\n<\/div>\n        <\/li>\n<li class=\"product type-product post-1605 status-publish first instock product_cat-gia-tri-gia-tang has-post-thumbnail shipping-taxable product-type-simple\">\n\t        \n                \n        <div class=\"detail-pd\"><p>\u84b8\u5377 \u2013 \u7f62\u5de5\u5f62\u5f0f<\/p>\n<\/div>\n        <\/li>\n<li class=\"product type-product post-1598 status-publish instock product_cat-gia-tri-gia-tang has-post-thumbnail shipping-taxable product-type-simple\">\n\t        \n                \n        <div class=\"detail-pd\"><p>\u9c7c\u4e38<\/p>\n<\/div>\n        <\/li>\n<li class=\"product type-product post-1586 status-publish last instock product_cat-ca-tra has-post-thumbnail shipping-taxable product-type-simple\">\n\t        \n                \n        <div class=\"detail-pd\"><p>\u8774\u8776\u9cb6\u9c7c<\/p>\n<\/div>\n        <\/li>\n<\/ul>\n<\/div>\t\t<\/div>\n\t\t\t\t<\/div>\n\t\t\t\t\t<\/div>\n\t\t<\/div>\n\t\t\t\t\t\t\t<\/div>\n\t\t<\/section>\n\t\t\t\t<section class=\"elementor-section elementor-top-section elementor-element elementor-element-9f969cc elementor-section-boxed elementor-section-height-default elementor-section-height-default\" data-id=\"9f969cc\" data-element_type=\"section\" data-settings=\"{&quot;ekit_has_onepagescroll_dot&quot;:&quot;yes&quot;}\">\n\t\t\t\t\t\t<div class=\"elementor-container elementor-column-gap-default\">\n\t\t\t\t\t<div class=\"elementor-column elementor-col-100 elementor-top-column elementor-element elementor-element-f0bec3c\" data-id=\"f0bec3c\" data-element_type=\"column\">\n\t\t\t<div class=\"elementor-widget-wrap elementor-element-populated\">\n\t\t\t\t\t\t\t\t<div class=\"elementor-element elementor-element-7f0eb9a elementor-widget elementor-widget-heading\" data-id=\"7f0eb9a\" data-element_type=\"widget\" data-settings=\"{&quot;ekit_we_effect_on&quot;:&quot;none&quot;}\" data-widget_type=\"heading.default\">\n\t\t\t\t<div class=\"elementor-widget-container\">\n\t\t\t<style>\/*! elementor - v3.11.2 - 22-02-2023 *\/\n.elementor-heading-title{padding:0;margin:0;line-height:1}.elementor-widget-heading .elementor-heading-title[class*=elementor-size-]>a{color:inherit;font-size:inherit;line-height:inherit}.elementor-widget-heading .elementor-heading-title.elementor-size-small{font-size:15px}.elementor-widget-heading .elementor-heading-title.elementor-size-medium{font-size:19px}.elementor-widget-heading .elementor-heading-title.elementor-size-large{font-size:29px}.elementor-widget-heading .elementor-heading-title.elementor-size-xl{font-size:39px}.elementor-widget-heading .elementor-heading-title.elementor-size-xxl{font-size:59px}<\/style><h2 class=\"elementor-heading-title elementor-size-default\">\u4ea7\u54c1<\/h2>\t\t<\/div>\n\t\t\t\t<\/div>\n\t\t\t\t<div class=\"elementor-element elementor-element-b760450 elementor-widget elementor-widget-text-editor\" data-id=\"b760450\" data-element_type=\"widget\" data-settings=\"{&quot;ekit_we_effect_on&quot;:&quot;none&quot;}\" data-widget_type=\"text-editor.default\">\n\t\t\t\t<div class=\"elementor-widget-container\">\n\t\t\t\t\t\t\t<p style=\"text-align: left;\">\u00a0 \u00a0 \u00a0 \u00a0 \u00a0 \u00a0 \u00a0 \u00a0 \u5df4\u6c99\u9c7c\u662f\u8d8a\u5357\u5546\u4e1a\u5316\u7a0b\u5ea6\u6700\u9ad8\u7684\u517b\u6b96\u9c7c\u7c7b\u4e4b\u4e00\u3002\u51ed\u501f\u591a\u5e74\u7684\u6c34\u4ea7\u517b\u6b96\u4e13\u4e1a\u77e5\u8bc6\u548c\u7ecf\u9a8c\uff0cQVD \u59cb\u7ec8\u786e\u4fdd\u5df4\u6c99\u9c7c\u7247\u3001\u5207\u9c7c\u6216\u589e\u503c\u4ea7\u54c1\u5728\u9500\u5f80\u4e16\u754c\u5404\u5730\u5e02\u573a\u65f6\u59cb\u7ec8\u5177\u6709\u6700\u9ad8\u8d28\u91cf\u3002\u6211\u4eec\u516c\u53f8\u7684\u9c7c\u7247\u548c\u589e\u503c\u4ea7\u54c1\u5df2\u51c6\u5907\u597d\u6ee1\u8db3\u5ba2\u6237\u7684\u4e25\u683c\u8981\u6c42\u3002<\/p>\t\t\t\t\t\t<\/div>\n\t\t\t\t<\/div>\n\t\t\t\t\t<\/div>\n\t\t<\/div>\n\t\t\t\t\t\t\t<\/div>\n\t\t<\/section>\n\t\t\t\t<section class=\"elementor-section elementor-top-section elementor-element elementor-element-547b20f elementor-section-boxed elementor-section-height-default elementor-section-height-default\" data-id=\"547b20f\" data-element_type=\"section\" data-settings=\"{&quot;ekit_has_onepagescroll_dot&quot;:&quot;yes&quot;}\">\n\t\t\t\t\t\t<div class=\"elementor-container elementor-column-gap-default\">\n\t\t\t\t\t<div class=\"elementor-column elementor-col-100 elementor-top-column elementor-element elementor-element-e9aff4b\" data-id=\"e9aff4b\" data-element_type=\"column\">\n\t\t\t<div class=\"elementor-widget-wrap elementor-element-populated\">\n\t\t\t\t\t\t\t\t<div class=\"elementor-element elementor-element-735367e elementor-cta--layout-image-left elementor-cta--mobile-layout-image-above elementor-cta--skin-classic elementor-animated-content elementor-bg-transform elementor-bg-transform-zoom-in elementor-widget elementor-widget-call-to-action\" data-id=\"735367e\" data-element_type=\"widget\" data-settings=\"{&quot;ekit_we_effect_on&quot;:&quot;none&quot;}\" data-widget_type=\"call-to-action.default\">\n\t\t\t\t<div class=\"elementor-widget-container\">\n\t\t\t<link rel=\"stylesheet\" href=\"https:\/\/qvdaqua.com\/wp-content\/plugins\/elementor-pro\/assets\/css\/widget-call-to-action.min.css\">\t\t<a class=\"elementor-cta\" href=\"https:\/\/qvdaqua.com\/zh\/tat-ca-cac-san-pham\/\">\n\t\t\t\t\t<div class=\"elementor-cta__bg-wrapper\">\n\t\t\t\t<div class=\"elementor-cta__bg elementor-bg\" style=\"background-image: url(https:\/\/qvdaqua.com\/wp-content\/uploads\/2023\/03\/ca-fillet-12.jpg);\"><\/div>\n\t\t\t\t<div class=\"elementor-cta__bg-overlay\"><\/div>\n\t\t\t<\/div>\n\t\t\t\t\t\t\t<div class=\"elementor-cta__content\">\n\t\t\t\t\n\t\t\t\t<h2 class=\"elementor-cta__title elementor-cta__content-item elementor-content-item\">\u5df4\u6c99\u9c7c\u4ea7\u54c1<\/h2>\n\t\t\t\t\n\t\t\t\t\t\t\t<\/div>\n\t\t\t\t\t\t<\/a>\n\t\t\t\t<\/div>\n\t\t\t\t<\/div>\n\t\t\t\t<div class=\"elementor-element elementor-element-2e4ad88 elementor-cta--layout-image-right elementor-cta--mobile-layout-image-above elementor-cta--skin-classic elementor-animated-content elementor-bg-transform elementor-bg-transform-zoom-in elementor-widget elementor-widget-call-to-action\" data-id=\"2e4ad88\" data-element_type=\"widget\" data-settings=\"{&quot;ekit_we_effect_on&quot;:&quot;none&quot;}\" data-widget_type=\"call-to-action.default\">\n\t\t\t\t<div class=\"elementor-widget-container\">\n\t\t\t\t\t<a class=\"elementor-cta\" href=\"https:\/\/qvdaqua.com\/zh\/tat-ca-cac-san-pham\/\">\n\t\t\t\t\t<div class=\"elementor-cta__bg-wrapper\">\n\t\t\t\t<div class=\"elementor-cta__bg elementor-bg\" style=\"background-image: url(https:\/\/qvdaqua.com\/wp-content\/uploads\/2023\/03\/ca-fillet-13.jpg);\"><\/div>\n\t\t\t\t<div class=\"elementor-cta__bg-overlay\"><\/div>\n\t\t\t<\/div>\n\t\t\t\t\t\t\t<div class=\"elementor-cta__content\">\n\t\t\t\t\n\t\t\t\t<h2 class=\"elementor-cta__title elementor-cta__content-item elementor-content-item\">\u589e\u503c\u4ea7\u54c1<\/h2>\n\t\t\t\t\n\t\t\t\t\t\t\t<\/div>\n\t\t\t\t\t\t<\/a>\n\t\t\t\t<\/div>\n\t\t\t\t<\/div>\n\t\t\t\t\t<\/div>\n\t\t<\/div>\n\t\t\t\t\t\t\t<\/div>\n\t\t<\/section>\n\t\t\t\t\t\t\t<\/div>","protected":false},"excerpt":{"rendered":"<p>All C\u00e1 Fillet C\u00e1 C\u1eaft Kh\u00fac C\u00e1 Nguy\u00ean Con C\u00e1c S\u1ea3n Ph\u1ea9m Kh\u00e1c C\u00e1 tra b\u1eaft ngu\u1ed3n t\u1eeb c\u00e1c ao v\u00e0 s\u00f4ng n\u01b0\u1edbc ng\u1ecdt \u1edf \u0110\u1ed3ng b\u1eb1ng s\u00f4ng C\u1eedu Long v\u00e0 \u0111\u00e3 tr\u1edf th\u00e0nh th\u1ef1c ph\u1ea9m ch\u00ednh trong b\u1eefa \u0103n h\u00e0ng ng\u00e0y c\u1ee7a ng\u01b0\u1eddi d\u00e2n Vi\u1ec7t Nam. C\u00e1c s\u1ea3n ph\u1ea9m c\u00e1 tra c\u0169ng tr\u1edf n\u00ean [&hellip;]<\/p>","protected":false},"author":1,"featured_media":0,"parent":0,"menu_order":0,"comment_status":"closed","ping_status":"closed","template":"elementor_header_footer","meta":[],"yoast_head":"<!-- This site is optimized with the Yoast SEO Premium plugin v19.2 (Yoast SEO v20.2.1) - https:\/\/yoast.com\/wordpress\/plugins\/seo\/ -->\n<title>S\u1ea3n ph\u1ea9m - website QVDFOOD<\/title>\n<meta name=\"robots\" content=\"index, follow, max-snippet:-1, max-image-preview:large, max-video-preview:-1\" \/>\n<link rel=\"canonical\" href=\"https:\/\/qvdaqua.com\/zh\/product\/\" \/>\n<meta property=\"og:locale\" content=\"zh_CN\" \/>\n<meta property=\"og:type\" content=\"article\" \/>\n<meta property=\"og:title\" content=\"S\u1ea3n ph\u1ea9m\" \/>\n<meta property=\"og:description\" content=\"All C\u00e1 Fillet C\u00e1 C\u1eaft Kh\u00fac C\u00e1 Nguy\u00ean Con C\u00e1c S\u1ea3n Ph\u1ea9m Kh\u00e1c C\u00e1 tra b\u1eaft ngu\u1ed3n t\u1eeb c\u00e1c ao v\u00e0 s\u00f4ng n\u01b0\u1edbc ng\u1ecdt \u1edf \u0110\u1ed3ng b\u1eb1ng s\u00f4ng C\u1eedu Long v\u00e0 \u0111\u00e3 tr\u1edf th\u00e0nh th\u1ef1c ph\u1ea9m ch\u00ednh trong b\u1eefa \u0103n h\u00e0ng ng\u00e0y c\u1ee7a ng\u01b0\u1eddi d\u00e2n Vi\u1ec7t Nam. C\u00e1c s\u1ea3n ph\u1ea9m c\u00e1 tra c\u0169ng tr\u1edf n\u00ean [&hellip;]\" \/>\n<meta property=\"og:url\" content=\"https:\/\/qvdaqua.com\/zh\/product\/\" \/>\n<meta property=\"og:site_name\" content=\"website QVDFOOD\" \/>\n<meta property=\"article:modified_time\" content=\"2023-05-10T07:38:21+00:00\" \/>\n<meta property=\"og:image\" content=\"https:\/\/qvdaqua.com\/wp-content\/uploads\/2023\/03\/banner-sanpham-1024x683.jpg\" \/>\n<meta name=\"twitter:card\" content=\"summary_large_image\" \/>\n<meta name=\"twitter:label1\" content=\"\u9884\u8ba1\u9605\u8bfb\u65f6\u95f4\" \/>\n\t<meta name=\"twitter:data1\" content=\"5\u5206\" \/>\n<script type=\"application\/ld+json\" class=\"yoast-schema-graph\">{\"@context\":\"https:\/\/schema.org\",\"@graph\":[{\"@type\":\"WebPage\",\"@id\":\"https:\/\/qvdaqua.com\/en\/san-pham\/\",\"url\":\"https:\/\/qvdaqua.com\/en\/san-pham\/\",\"name\":\"S\u1ea3n ph\u1ea9m - website QVDFOOD\",\"isPartOf\":{\"@id\":\"https:\/\/qvdaqua.com\/#website\"},\"datePublished\":\"2023-03-07T09:28:02+00:00\",\"dateModified\":\"2023-05-10T07:38:21+00:00\",\"breadcrumb\":{\"@id\":\"https:\/\/qvdaqua.com\/en\/san-pham\/#breadcrumb\"},\"inLanguage\":\"zh-CN\",\"potentialAction\":[{\"@type\":\"ReadAction\",\"target\":[\"https:\/\/qvdaqua.com\/en\/san-pham\/\"]}]},{\"@type\":\"BreadcrumbList\",\"@id\":\"https:\/\/qvdaqua.com\/en\/san-pham\/#breadcrumb\",\"itemListElement\":[{\"@type\":\"ListItem\",\"position\":1,\"name\":\"Trang ch\u1ee7\",\"item\":\"https:\/\/qvdaqua.com\/en\/\"},{\"@type\":\"ListItem\",\"position\":2,\"name\":\"S\u1ea3n ph\u1ea9m\"}]},{\"@type\":\"WebSite\",\"@id\":\"https:\/\/qvdaqua.com\/#website\",\"url\":\"https:\/\/qvdaqua.com\/\",\"name\":\"website QVDFOOD\",\"description\":\"\",\"publisher\":{\"@id\":\"https:\/\/qvdaqua.com\/#organization\"},\"potentialAction\":[{\"@type\":\"SearchAction\",\"target\":{\"@type\":\"EntryPoint\",\"urlTemplate\":\"https:\/\/qvdaqua.com\/?s={search_term_string}\"},\"query-input\":\"required name=search_term_string\"}],\"inLanguage\":\"zh-CN\"},{\"@type\":\"Organization\",\"@id\":\"https:\/\/qvdaqua.com\/#organization\",\"name\":\"website QVDFOOD\",\"url\":\"https:\/\/qvdaqua.com\/\",\"logo\":{\"@type\":\"ImageObject\",\"inLanguage\":\"zh-CN\",\"@id\":\"https:\/\/qvdaqua.com\/#\/schema\/logo\/image\/\",\"url\":\"https:\/\/qvdaqua.com\/wp-content\/uploads\/2023\/03\/logo-QVD.png\",\"contentUrl\":\"https:\/\/qvdaqua.com\/wp-content\/uploads\/2023\/03\/logo-QVD.png\",\"width\":771,\"height\":938,\"caption\":\"website QVDFOOD\"},\"image\":{\"@id\":\"https:\/\/qvdaqua.com\/#\/schema\/logo\/image\/\"}}]}<\/script>\n<!-- \/ Yoast SEO Premium plugin. -->","yoast_head_json":{"title":"S\u1ea3n ph\u1ea9m - website QVDFOOD","robots":{"index":"index","follow":"follow","max-snippet":"max-snippet:-1","max-image-preview":"max-image-preview:large","max-video-preview":"max-video-preview:-1"},"canonical":"https:\/\/qvdaqua.com\/zh\/product\/","og_locale":"zh_CN","og_type":"article","og_title":"S\u1ea3n ph\u1ea9m","og_description":"All C\u00e1 Fillet C\u00e1 C\u1eaft Kh\u00fac C\u00e1 Nguy\u00ean Con C\u00e1c S\u1ea3n Ph\u1ea9m Kh\u00e1c C\u00e1 tra b\u1eaft ngu\u1ed3n t\u1eeb c\u00e1c ao v\u00e0 s\u00f4ng n\u01b0\u1edbc ng\u1ecdt \u1edf \u0110\u1ed3ng b\u1eb1ng s\u00f4ng C\u1eedu Long v\u00e0 \u0111\u00e3 tr\u1edf th\u00e0nh th\u1ef1c ph\u1ea9m ch\u00ednh trong b\u1eefa \u0103n h\u00e0ng ng\u00e0y c\u1ee7a ng\u01b0\u1eddi d\u00e2n Vi\u1ec7t Nam. C\u00e1c s\u1ea3n ph\u1ea9m c\u00e1 tra c\u0169ng tr\u1edf n\u00ean [&hellip;]","og_url":"https:\/\/qvdaqua.com\/zh\/product\/","og_site_name":"website QVDFOOD","article_modified_time":"2023-05-10T07:38:21+00:00","og_image":[{"url":"https:\/\/qvdaqua.com\/wp-content\/uploads\/2023\/03\/banner-sanpham-1024x683.jpg"}],"twitter_card":"summary_large_image","twitter_misc":{"\u9884\u8ba1\u9605\u8bfb\u65f6\u95f4":"5\u5206"},"schema":{"@context":"https:\/\/schema.org","@graph":[{"@type":"WebPage","@id":"https:\/\/qvdaqua.com\/en\/san-pham\/","url":"https:\/\/qvdaqua.com\/en\/san-pham\/","name":"S\u1ea3n ph\u1ea9m - website QVDFOOD","isPartOf":{"@id":"https:\/\/qvdaqua.com\/#website"},"datePublished":"2023-03-07T09:28:02+00:00","dateModified":"2023-05-10T07:38:21+00:00","breadcrumb":{"@id":"https:\/\/qvdaqua.com\/en\/san-pham\/#breadcrumb"},"inLanguage":"zh-CN","potentialAction":[{"@type":"ReadAction","target":["https:\/\/qvdaqua.com\/en\/san-pham\/"]}]},{"@type":"BreadcrumbList","@id":"https:\/\/qvdaqua.com\/en\/san-pham\/#breadcrumb","itemListElement":[{"@type":"ListItem","position":1,"name":"Trang ch\u1ee7","item":"https:\/\/qvdaqua.com\/en\/"},{"@type":"ListItem","position":2,"name":"S\u1ea3n ph\u1ea9m"}]},{"@type":"WebSite","@id":"https:\/\/qvdaqua.com\/#website","url":"https:\/\/qvdaqua.com\/","name":"website QVDFOOD","description":"","publisher":{"@id":"https:\/\/qvdaqua.com\/#organization"},"potentialAction":[{"@type":"SearchAction","target":{"@type":"EntryPoint","urlTemplate":"https:\/\/qvdaqua.com\/?s={search_term_string}"},"query-input":"required name=search_term_string"}],"inLanguage":"zh-CN"},{"@type":"Organization","@id":"https:\/\/qvdaqua.com\/#organization","name":"website QVDFOOD","url":"https:\/\/qvdaqua.com\/","logo":{"@type":"ImageObject","inLanguage":"zh-CN","@id":"https:\/\/qvdaqua.com\/#\/schema\/logo\/image\/","url":"https:\/\/qvdaqua.com\/wp-content\/uploads\/2023\/03\/logo-QVD.png","contentUrl":"https:\/\/qvdaqua.com\/wp-content\/uploads\/2023\/03\/logo-QVD.png","width":771,"height":938,"caption":"website QVDFOOD"},"image":{"@id":"https:\/\/qvdaqua.com\/#\/schema\/logo\/image\/"}}]}},"acf":[],"_links":{"self":[{"href":"https:\/\/qvdaqua.com\/zh\/wp-json\/wp\/v2\/pages\/971"}],"collection":[{"href":"https:\/\/qvdaqua.com\/zh\/wp-json\/wp\/v2\/pages"}],"about":[{"href":"https:\/\/qvdaqua.com\/zh\/wp-json\/wp\/v2\/types\/page"}],"author":[{"embeddable":true,"href":"https:\/\/qvdaqua.com\/zh\/wp-json\/wp\/v2\/users\/1"}],"replies":[{"embeddable":true,"href":"https:\/\/qvdaqua.com\/zh\/wp-json\/wp\/v2\/comments?post=971"}],"version-history":[{"count":83,"href":"https:\/\/qvdaqua.com\/zh\/wp-json\/wp\/v2\/pages\/971\/revisions"}],"predecessor-version":[{"id":1784,"href":"https:\/\/qvdaqua.com\/zh\/wp-json\/wp\/v2\/pages\/971\/revisions\/1784"}],"wp:attachment":[{"href":"https:\/\/qvdaqua.com\/zh\/wp-json\/wp\/v2\/media?parent=971"}],"curies":[{"name":"wp","href":"https:\/\/api.w.org\/{rel}","templated":true}]}}