{"id":712,"date":"2023-03-08T09:46:59","date_gmt":"2023-03-08T09:46:59","guid":{"rendered":"http:\/\/qvdfood.123websitedev.com\/?page_id=712"},"modified":"2023-03-10T08:18:42","modified_gmt":"2023-03-10T08:18:42","slug":"cac-san-pham-khac","status":"publish","type":"page","link":"https:\/\/qvdaqua.com\/zh\/cac-san-pham-khac\/","title":{"rendered":"C\u00e1c s\u1ea3n ph\u1ea9m kh\u00e1c"},"content":{"rendered":"<div data-elementor-type=\"wp-page\" data-elementor-id=\"712\" class=\"elementor elementor-712\">\n\t\t\t\t\t\t\t\t\t<section class=\"elementor-section elementor-top-section elementor-element elementor-element-8cd98a8 elementor-section-boxed elementor-section-height-default elementor-section-height-default\" data-id=\"8cd98a8\" data-element_type=\"section\" data-settings=\"{&quot;ekit_has_onepagescroll_dot&quot;:&quot;yes&quot;}\">\n\t\t\t\t\t\t<div class=\"elementor-container elementor-column-gap-default\">\n\t\t\t\t\t<div class=\"elementor-column elementor-col-100 elementor-top-column elementor-element elementor-element-b8b1b70\" data-id=\"b8b1b70\" data-element_type=\"column\">\n\t\t\t<div class=\"elementor-widget-wrap elementor-element-populated\">\n\t\t\t\t\t\t\t\t<div class=\"elementor-element elementor-element-489ac8e elementor-align-center tab-product elementor-icon-list--layout-inline elementor-list-item-link-full_width elementor-widget elementor-widget-icon-list\" data-id=\"489ac8e\" data-element_type=\"widget\" data-settings=\"{&quot;ekit_we_effect_on&quot;:&quot;none&quot;}\" data-widget_type=\"icon-list.default\">\n\t\t\t\t<div class=\"elementor-widget-container\">\n\t\t\t<link rel=\"stylesheet\" href=\"https:\/\/qvdaqua.com\/wp-content\/plugins\/elementor\/assets\/css\/widget-icon-list.min.css\">\t\t<ul class=\"elementor-icon-list-items elementor-inline-items\">\n\t\t\t\t\t\t\t<li class=\"elementor-icon-list-item elementor-inline-item\">\n\t\t\t\t\t\t\t\t\t\t\t<a href=\"\/zh\/san-pham-ca-tra\/\">\n\n\t\t\t\t\t\t\t\t\t\t\t<span class=\"elementor-icon-list-text\">\u5168\u90e8<\/span>\n\t\t\t\t\t\t\t\t\t\t\t<\/a>\n\t\t\t\t\t\t\t\t\t<\/li>\n\t\t\t\t\t\t\t\t<li class=\"elementor-icon-list-item elementor-inline-item\">\n\t\t\t\t\t\t\t\t\t\t\t<a href=\"https:\/\/qvdaqua.com\/zh\/ca-fillet\/\">\n\n\t\t\t\t\t\t\t\t\t\t\t<span class=\"elementor-icon-list-text\">\u9c7c\u7247<\/span>\n\t\t\t\t\t\t\t\t\t\t\t<\/a>\n\t\t\t\t\t\t\t\t\t<\/li>\n\t\t\t\t\t\t\t\t<li class=\"elementor-icon-list-item elementor-inline-item\">\n\t\t\t\t\t\t\t\t\t\t\t<a href=\"https:\/\/qvdaqua.com\/zh\/ca-cat-khuc\/\">\n\n\t\t\t\t\t\t\t\t\t\t\t<span class=\"elementor-icon-list-text\">\u9c7c\u7247<\/span>\n\t\t\t\t\t\t\t\t\t\t\t<\/a>\n\t\t\t\t\t\t\t\t\t<\/li>\n\t\t\t\t\t\t\t\t<li class=\"elementor-icon-list-item elementor-inline-item\">\n\t\t\t\t\t\t\t\t\t\t\t<a href=\"https:\/\/qvdaqua.com\/zh\/ca-nguyen-con\/\">\n\n\t\t\t\t\t\t\t\t\t\t\t<span class=\"elementor-icon-list-text\">\u6574\u6761\u9c7c<\/span>\n\t\t\t\t\t\t\t\t\t\t\t<\/a>\n\t\t\t\t\t\t\t\t\t<\/li>\n\t\t\t\t\t\t\t\t<li class=\"elementor-icon-list-item elementor-inline-item\">\n\t\t\t\t\t\t\t\t\t\t\t<a href=\"https:\/\/qvdaqua.com\/zh\/cac-san-pham-khac\/\">\n\n\t\t\t\t\t\t\t\t\t\t\t<span class=\"elementor-icon-list-text\">\u5176\u4ed6\u4ea7\u54c1<\/span>\n\t\t\t\t\t\t\t\t\t\t\t<\/a>\n\t\t\t\t\t\t\t\t\t<\/li>\n\t\t\t\t\t\t<\/ul>\n\t\t\t\t<\/div>\n\t\t\t\t<\/div>\n\t\t\t\t\t<\/div>\n\t\t<\/div>\n\t\t\t\t\t\t\t<\/div>\n\t\t<\/section>\n\t\t\t\t\t\t\t<\/div>","protected":false},"excerpt":{"rendered":"<p>All C\u00e1 Fillet C\u00e1 C\u1eaft Kh\u00fac C\u00e1 Nguy\u00ean Con C\u00e1c S\u1ea3n Ph\u1ea9m Kh\u00e1c<\/p>","protected":false},"author":1,"featured_media":0,"parent":0,"menu_order":0,"comment_status":"closed","ping_status":"closed","template":"elementor_header_footer","meta":[],"yoast_head":"<!-- This site is optimized with the Yoast SEO Premium plugin v19.2 (Yoast SEO v20.2.1) - https:\/\/yoast.com\/wordpress\/plugins\/seo\/ -->\n<title>C\u00e1c s\u1ea3n ph\u1ea9m kh\u00e1c - website QVDFOOD<\/title>\n<meta name=\"robots\" content=\"index, follow, max-snippet:-1, max-image-preview:large, max-video-preview:-1\" \/>\n<link rel=\"canonical\" href=\"https:\/\/qvdaqua.com\/zh\/cac-san-pham-khac\/\" \/>\n<meta property=\"og:locale\" content=\"zh_CN\" \/>\n<meta property=\"og:type\" content=\"article\" \/>\n<meta property=\"og:title\" content=\"C\u00e1c s\u1ea3n ph\u1ea9m kh\u00e1c\" \/>\n<meta property=\"og:description\" content=\"All C\u00e1 Fillet C\u00e1 C\u1eaft Kh\u00fac C\u00e1 Nguy\u00ean Con C\u00e1c S\u1ea3n Ph\u1ea9m Kh\u00e1c\" \/>\n<meta property=\"og:url\" content=\"https:\/\/qvdaqua.com\/zh\/cac-san-pham-khac\/\" \/>\n<meta property=\"og:site_name\" content=\"website QVDFOOD\" \/>\n<meta property=\"article:modified_time\" content=\"2023-03-10T08:18:42+00:00\" \/>\n<meta name=\"twitter:card\" content=\"summary_large_image\" \/>\n<script type=\"application\/ld+json\" class=\"yoast-schema-graph\">{\"@context\":\"https:\/\/schema.org\",\"@graph\":[{\"@type\":\"WebPage\",\"@id\":\"https:\/\/qvdaqua.com\/cac-san-pham-khac\/\",\"url\":\"https:\/\/qvdaqua.com\/cac-san-pham-khac\/\",\"name\":\"C\u00e1c s\u1ea3n ph\u1ea9m kh\u00e1c - website QVDFOOD\",\"isPartOf\":{\"@id\":\"https:\/\/qvdaqua.com\/#website\"},\"datePublished\":\"2023-03-08T09:46:59+00:00\",\"dateModified\":\"2023-03-10T08:18:42+00:00\",\"breadcrumb\":{\"@id\":\"https:\/\/qvdaqua.com\/cac-san-pham-khac\/#breadcrumb\"},\"inLanguage\":\"zh-CN\",\"potentialAction\":[{\"@type\":\"ReadAction\",\"target\":[\"https:\/\/qvdaqua.com\/cac-san-pham-khac\/\"]}]},{\"@type\":\"BreadcrumbList\",\"@id\":\"https:\/\/qvdaqua.com\/cac-san-pham-khac\/#breadcrumb\",\"itemListElement\":[{\"@type\":\"ListItem\",\"position\":1,\"name\":\"Trang ch\u1ee7\",\"item\":\"https:\/\/qvdaqua.com\/en\/\"},{\"@type\":\"ListItem\",\"position\":2,\"name\":\"C\u00e1c s\u1ea3n ph\u1ea9m kh\u00e1c\"}]},{\"@type\":\"WebSite\",\"@id\":\"https:\/\/qvdaqua.com\/#website\",\"url\":\"https:\/\/qvdaqua.com\/\",\"name\":\"website QVDFOOD\",\"description\":\"\",\"publisher\":{\"@id\":\"https:\/\/qvdaqua.com\/#organization\"},\"potentialAction\":[{\"@type\":\"SearchAction\",\"target\":{\"@type\":\"EntryPoint\",\"urlTemplate\":\"https:\/\/qvdaqua.com\/?s={search_term_string}\"},\"query-input\":\"required name=search_term_string\"}],\"inLanguage\":\"zh-CN\"},{\"@type\":\"Organization\",\"@id\":\"https:\/\/qvdaqua.com\/#organization\",\"name\":\"website QVDFOOD\",\"url\":\"https:\/\/qvdaqua.com\/\",\"logo\":{\"@type\":\"ImageObject\",\"inLanguage\":\"zh-CN\",\"@id\":\"https:\/\/qvdaqua.com\/#\/schema\/logo\/image\/\",\"url\":\"https:\/\/qvdaqua.com\/wp-content\/uploads\/2023\/03\/logo-QVD.png\",\"contentUrl\":\"https:\/\/qvdaqua.com\/wp-content\/uploads\/2023\/03\/logo-QVD.png\",\"width\":771,\"height\":938,\"caption\":\"website QVDFOOD\"},\"image\":{\"@id\":\"https:\/\/qvdaqua.com\/#\/schema\/logo\/image\/\"}}]}<\/script>\n<!-- \/ Yoast SEO Premium plugin. -->","yoast_head_json":{"title":"C\u00e1c s\u1ea3n ph\u1ea9m kh\u00e1c - website QVDFOOD","robots":{"index":"index","follow":"follow","max-snippet":"max-snippet:-1","max-image-preview":"max-image-preview:large","max-video-preview":"max-video-preview:-1"},"canonical":"https:\/\/qvdaqua.com\/zh\/cac-san-pham-khac\/","og_locale":"zh_CN","og_type":"article","og_title":"C\u00e1c s\u1ea3n ph\u1ea9m kh\u00e1c","og_description":"All C\u00e1 Fillet C\u00e1 C\u1eaft Kh\u00fac C\u00e1 Nguy\u00ean Con C\u00e1c S\u1ea3n Ph\u1ea9m Kh\u00e1c","og_url":"https:\/\/qvdaqua.com\/zh\/cac-san-pham-khac\/","og_site_name":"website QVDFOOD","article_modified_time":"2023-03-10T08:18:42+00:00","twitter_card":"summary_large_image","schema":{"@context":"https:\/\/schema.org","@graph":[{"@type":"WebPage","@id":"https:\/\/qvdaqua.com\/cac-san-pham-khac\/","url":"https:\/\/qvdaqua.com\/cac-san-pham-khac\/","name":"C\u00e1c s\u1ea3n ph\u1ea9m kh\u00e1c - website QVDFOOD","isPartOf":{"@id":"https:\/\/qvdaqua.com\/#website"},"datePublished":"2023-03-08T09:46:59+00:00","dateModified":"2023-03-10T08:18:42+00:00","breadcrumb":{"@id":"https:\/\/qvdaqua.com\/cac-san-pham-khac\/#breadcrumb"},"inLanguage":"zh-CN","potentialAction":[{"@type":"ReadAction","target":["https:\/\/qvdaqua.com\/cac-san-pham-khac\/"]}]},{"@type":"BreadcrumbList","@id":"https:\/\/qvdaqua.com\/cac-san-pham-khac\/#breadcrumb","itemListElement":[{"@type":"ListItem","position":1,"name":"Trang ch\u1ee7","item":"https:\/\/qvdaqua.com\/en\/"},{"@type":"ListItem","position":2,"name":"C\u00e1c s\u1ea3n ph\u1ea9m kh\u00e1c"}]},{"@type":"WebSite","@id":"https:\/\/qvdaqua.com\/#website","url":"https:\/\/qvdaqua.com\/","name":"website QVDFOOD","description":"","publisher":{"@id":"https:\/\/qvdaqua.com\/#organization"},"potentialAction":[{"@type":"SearchAction","target":{"@type":"EntryPoint","urlTemplate":"https:\/\/qvdaqua.com\/?s={search_term_string}"},"query-input":"required name=search_term_string"}],"inLanguage":"zh-CN"},{"@type":"Organization","@id":"https:\/\/qvdaqua.com\/#organization","name":"website QVDFOOD","url":"https:\/\/qvdaqua.com\/","logo":{"@type":"ImageObject","inLanguage":"zh-CN","@id":"https:\/\/qvdaqua.com\/#\/schema\/logo\/image\/","url":"https:\/\/qvdaqua.com\/wp-content\/uploads\/2023\/03\/logo-QVD.png","contentUrl":"https:\/\/qvdaqua.com\/wp-content\/uploads\/2023\/03\/logo-QVD.png","width":771,"height":938,"caption":"website QVDFOOD"},"image":{"@id":"https:\/\/qvdaqua.com\/#\/schema\/logo\/image\/"}}]}},"acf":[],"_links":{"self":[{"href":"https:\/\/qvdaqua.com\/zh\/wp-json\/wp\/v2\/pages\/712"}],"collection":[{"href":"https:\/\/qvdaqua.com\/zh\/wp-json\/wp\/v2\/pages"}],"about":[{"href":"https:\/\/qvdaqua.com\/zh\/wp-json\/wp\/v2\/types\/page"}],"author":[{"embeddable":true,"href":"https:\/\/qvdaqua.com\/zh\/wp-json\/wp\/v2\/users\/1"}],"replies":[{"embeddable":true,"href":"https:\/\/qvdaqua.com\/zh\/wp-json\/wp\/v2\/comments?post=712"}],"version-history":[{"count":21,"href":"https:\/\/qvdaqua.com\/zh\/wp-json\/wp\/v2\/pages\/712\/revisions"}],"predecessor-version":[{"id":984,"href":"https:\/\/qvdaqua.com\/zh\/wp-json\/wp\/v2\/pages\/712\/revisions\/984"}],"wp:attachment":[{"href":"https:\/\/qvdaqua.com\/zh\/wp-json\/wp\/v2\/media?parent=712"}],"curies":[{"name":"wp","href":"https:\/\/api.w.org\/{rel}","templated":true}]}}