{"id":46,"date":"2023-03-05T06:58:18","date_gmt":"2023-03-05T06:58:18","guid":{"rendered":"http:\/\/qvdfood.123websitedev.com\/?page_id=46"},"modified":"2023-03-14T04:39:08","modified_gmt":"2023-03-14T04:39:08","slug":"phat-trien-ben-vung","status":"publish","type":"page","link":"https:\/\/qvdaqua.com\/en\/phat-trien-ben-vung\/","title":{"rendered":"Sustainable Development"},"content":{"rendered":"<div data-elementor-type=\"wp-page\" data-elementor-id=\"46\" class=\"elementor elementor-46\">\n\t\t\t\t\t\t\t\t\t<section class=\"elementor-section elementor-top-section elementor-element elementor-element-c5f28af elementor-section-boxed elementor-section-height-default elementor-section-height-default\" data-id=\"c5f28af\" data-element_type=\"section\" data-settings=\"{&quot;ekit_has_onepagescroll_dot&quot;:&quot;yes&quot;}\">\n\t\t\t\t\t\t<div class=\"elementor-container elementor-column-gap-default\">\n\t\t\t\t\t<div class=\"elementor-column elementor-col-100 elementor-top-column elementor-element elementor-element-0b17f53\" data-id=\"0b17f53\" data-element_type=\"column\">\n\t\t\t<div class=\"elementor-widget-wrap elementor-element-populated\">\n\t\t\t\t\t\t\t\t<div class=\"elementor-element elementor-element-af83020 elementor-widget elementor-widget-heading\" data-id=\"af83020\" data-element_type=\"widget\" data-settings=\"{&quot;ekit_we_effect_on&quot;:&quot;none&quot;}\" data-widget_type=\"heading.default\">\n\t\t\t\t<div class=\"elementor-widget-container\">\n\t\t\t<style>\/*! elementor - v3.11.2 - 22-02-2023 *\/\n.elementor-heading-title{padding:0;margin:0;line-height:1}.elementor-widget-heading .elementor-heading-title[class*=elementor-size-]>a{color:inherit;font-size:inherit;line-height:inherit}.elementor-widget-heading .elementor-heading-title.elementor-size-small{font-size:15px}.elementor-widget-heading .elementor-heading-title.elementor-size-medium{font-size:19px}.elementor-widget-heading .elementor-heading-title.elementor-size-large{font-size:29px}.elementor-widget-heading .elementor-heading-title.elementor-size-xl{font-size:39px}.elementor-widget-heading .elementor-heading-title.elementor-size-xxl{font-size:59px}<\/style><h1 class=\"elementor-heading-title elementor-size-default\">About QVD AQUACULTURE<\/h1>\t\t<\/div>\n\t\t\t\t<\/div>\n\t\t\t\t<section class=\"elementor-section elementor-inner-section elementor-element elementor-element-9e432c9 elementor-section-boxed elementor-section-height-default elementor-section-height-default\" data-id=\"9e432c9\" data-element_type=\"section\" data-settings=\"{&quot;ekit_has_onepagescroll_dot&quot;:&quot;yes&quot;}\">\n\t\t\t\t\t\t<div class=\"elementor-container elementor-column-gap-default\">\n\t\t\t\t\t<div class=\"elementor-column elementor-col-50 elementor-inner-column elementor-element elementor-element-c6daddd\" data-id=\"c6daddd\" data-element_type=\"column\">\n\t\t\t<div class=\"elementor-widget-wrap elementor-element-populated\">\n\t\t\t\t\t\t\t\t<div class=\"elementor-element elementor-element-c5ede23 elementor-widget elementor-widget-text-editor\" data-id=\"c5ede23\" data-element_type=\"widget\" data-settings=\"{&quot;ekit_we_effect_on&quot;:&quot;none&quot;}\" data-widget_type=\"text-editor.default\">\n\t\t\t\t<div class=\"elementor-widget-container\">\n\t\t\t<style>\/*! elementor - v3.11.2 - 22-02-2023 *\/\n.elementor-widget-text-editor.elementor-drop-cap-view-stacked .elementor-drop-cap{background-color:#818a91;color:#fff}.elementor-widget-text-editor.elementor-drop-cap-view-framed .elementor-drop-cap{color:#818a91;border:3px solid;background-color:transparent}.elementor-widget-text-editor:not(.elementor-drop-cap-view-default) .elementor-drop-cap{margin-top:8px}.elementor-widget-text-editor:not(.elementor-drop-cap-view-default) .elementor-drop-cap-letter{width:1em;height:1em}.elementor-widget-text-editor .elementor-drop-cap{float:left;text-align:center;line-height:1;font-size:50px}.elementor-widget-text-editor .elementor-drop-cap-letter{display:inline-block}<\/style>\t\t\t\t<p>Nu\u00f4i tr\u1ed3ng th\u1ee7y s\u1ea3n b\u1ec1n v\u1eefng l\u00e0 quan t\u00e2m \u0111\u1ebfn s\u1ef1 ph\u00e1t tri\u1ec3n c\u1ee7a c\u00e1c qu\u1ea7n th\u1ec3 \u0111ang khai th\u00e1c c\u0169ng nh\u01b0 b\u1ea3o t\u1ed3n h\u1ec7 sinh th\u00e1i v\u00e0 m\u1ed9t h\u00e0nh tinh l\u00e0nh m\u1ea1nh. T\u1ea1i QVD Food, ch\u00fang t\u00f4i c\u00f3 ni\u1ec1m tin v\u1eefng ch\u1eafc r\u1eb1ng, b\u1eb1ng c\u00e1ch nu\u00f4i tr\u1ed3ng t\u1ea1i v\u00f9ng \u0111\u1ed3ng b\u1eb1ng s\u00f4ng C\u1eedu Long, ch\u00fang t\u00f4i c\u00f3 th\u1ec3 s\u1ea3n xu\u1ea5t ra nh\u1eefng s\u1ea3n ph\u1ea9m t\u1ed1t cho s\u1ee9c kh\u1ecfe, c\u00f3 gi\u00e1 tr\u1ecb dinh d\u01b0\u1ee1ng v\u00e0 gi\u00e1 th\u00e0nh h\u1ee3p l\u00fd cho to\u00e0n x\u00e3 h\u1ed9i. Cho n\u00ean, vi\u1ec7c chung s\u1ed1ng h\u00f2a h\u1ee3p v\u1edbi m\u00f4i tr\u01b0\u1eddng l\u00e0 \u0111i\u1ec1u thi\u1ebft y\u1ebfu \u0111\u1ec3 hi\u1ec7n th\u1ef1c h\u00f3a ni\u1ec1m tin \u0111\u00f3 v\u00e0 ti\u1ebfp t\u1ee5c chia s\u1ebb nh\u1eefng \u0111i\u1ec1u t\u1ed1t \u0111\u1eb9p m\u00e0 thi\u00ean nhi\u00ean ban t\u1eb7ng cho c\u00e1c th\u1ebf h\u1ec7 t\u01b0\u01a1ng lai<\/p>\t\t\t\t\t\t<\/div>\n\t\t\t\t<\/div>\n\t\t\t\t\t<\/div>\n\t\t<\/div>\n\t\t\t\t<div class=\"elementor-column elementor-col-50 elementor-inner-column elementor-element elementor-element-235b7f4\" data-id=\"235b7f4\" data-element_type=\"column\">\n\t\t\t<div class=\"elementor-widget-wrap elementor-element-populated\">\n\t\t\t\t\t\t\t\t<div class=\"elementor-element elementor-element-8123d21 elementor-widget elementor-widget-image\" data-id=\"8123d21\" data-element_type=\"widget\" data-settings=\"{&quot;ekit_we_effect_on&quot;:&quot;none&quot;}\" data-widget_type=\"image.default\">\n\t\t\t\t<div class=\"elementor-widget-container\">\n\t\t\t<style>\/*! elementor - v3.11.2 - 22-02-2023 *\/\n.elementor-widget-image{text-align:center}.elementor-widget-image a{display:inline-block}.elementor-widget-image a img[src$=\".svg\"]{width:48px}.elementor-widget-image img{vertical-align:middle;display:inline-block}<\/style>\t\t\t\t\t\t\t\t\t\t\t\t<img decoding=\"async\" width=\"800\" height=\"534\" src=\"https:\/\/qvdaqua.com\/wp-content\/uploads\/2023\/03\/banner-phattrien-1024x683.png\" class=\"attachment-large size-large wp-image-766\" alt=\"\" loading=\"lazy\" srcset=\"https:\/\/qvdaqua.com\/wp-content\/uploads\/2023\/03\/banner-phattrien-1024x683.png 1024w, https:\/\/qvdaqua.com\/wp-content\/uploads\/2023\/03\/banner-phattrien-300x200.png 300w, https:\/\/qvdaqua.com\/wp-content\/uploads\/2023\/03\/banner-phattrien-768x512.png 768w, https:\/\/qvdaqua.com\/wp-content\/uploads\/2023\/03\/banner-phattrien-1536x1025.png 1536w, https:\/\/qvdaqua.com\/wp-content\/uploads\/2023\/03\/banner-phattrien-500x334.png 500w, https:\/\/qvdaqua.com\/wp-content\/uploads\/2023\/03\/banner-phattrien-600x400.png 600w, https:\/\/qvdaqua.com\/wp-content\/uploads\/2023\/03\/banner-phattrien.png 1920w\" sizes=\"(max-width: 800px) 100vw, 800px\" \/>\t\t\t\t\t\t\t\t\t\t\t\t\t\t\t<\/div>\n\t\t\t\t<\/div>\n\t\t\t\t\t<\/div>\n\t\t<\/div>\n\t\t\t\t\t\t\t<\/div>\n\t\t<\/section>\n\t\t\t\t\t<\/div>\n\t\t<\/div>\n\t\t\t\t\t\t\t<\/div>\n\t\t<\/section>\n\t\t\t\t<section class=\"elementor-section elementor-top-section elementor-element elementor-element-aa870c6 elementor-section-boxed elementor-section-height-default elementor-section-height-default\" data-id=\"aa870c6\" data-element_type=\"section\" data-settings=\"{&quot;background_background&quot;:&quot;classic&quot;,&quot;ekit_has_onepagescroll_dot&quot;:&quot;yes&quot;}\">\n\t\t\t\t\t\t<div class=\"elementor-container elementor-column-gap-default\">\n\t\t\t\t\t<div class=\"elementor-column elementor-col-100 elementor-top-column elementor-element elementor-element-46b5b65\" data-id=\"46b5b65\" data-element_type=\"column\">\n\t\t\t<div class=\"elementor-widget-wrap elementor-element-populated\">\n\t\t\t\t\t\t\t\t<div class=\"elementor-element elementor-element-0107931 elementor-widget elementor-widget-heading\" data-id=\"0107931\" data-element_type=\"widget\" data-settings=\"{&quot;ekit_we_effect_on&quot;:&quot;none&quot;}\" data-widget_type=\"heading.default\">\n\t\t\t\t<div class=\"elementor-widget-container\">\n\t\t\t<h2 class=\"elementor-heading-title elementor-size-default\">Ch\u00fang t\u00f4i th\u1ef1c hi\u1ec7n \u0111i\u1ec1u \u0111\u00f3 nh\u01b0 th\u1ebf n\u00e0o ?<\/h2>\t\t<\/div>\n\t\t\t\t<\/div>\n\t\t\t\t<section class=\"elementor-section elementor-inner-section elementor-element elementor-element-c680431 elementor-section-boxed elementor-section-height-default elementor-section-height-default\" data-id=\"c680431\" data-element_type=\"section\" data-settings=\"{&quot;ekit_has_onepagescroll_dot&quot;:&quot;yes&quot;}\">\n\t\t\t\t\t\t<div class=\"elementor-container elementor-column-gap-default\">\n\t\t\t\t\t<div class=\"elementor-column elementor-col-33 elementor-inner-column elementor-element elementor-element-b4e4b8e\" data-id=\"b4e4b8e\" data-element_type=\"column\">\n\t\t\t<div class=\"elementor-widget-wrap elementor-element-populated\">\n\t\t\t\t\t\t\t\t<div class=\"elementor-element elementor-element-4cfe7bd elementor-widget elementor-widget-html\" data-id=\"4cfe7bd\" data-element_type=\"widget\" data-settings=\"{&quot;ekit_we_effect_on&quot;:&quot;none&quot;}\" data-widget_type=\"html.default\">\n\t\t\t\t<div class=\"elementor-widget-container\">\n\t\t\t<div class=\"icon\">1<\/div>\n<style>\n.icon {\n    width: 89px;\n    height: 89px;\n    line-height: 89px;\n    text-align: center;\n    font-size: 50px;\n    color: #f6f6f6;\n    background: #00517f;\n    border-radius: 100%;\n    display: table;\n    margin: 0 auto;\n}\n<\/style>\t\t<\/div>\n\t\t\t\t<\/div>\n\t\t\t\t<div class=\"elementor-element elementor-element-868b282 elementor-widget elementor-widget-heading\" data-id=\"868b282\" data-element_type=\"widget\" data-settings=\"{&quot;ekit_we_effect_on&quot;:&quot;none&quot;}\" data-widget_type=\"heading.default\">\n\t\t\t\t<div class=\"elementor-widget-container\">\n\t\t\t<h2 class=\"elementor-heading-title elementor-size-default\">Ch\u00fang t\u00f4i l\u1eafng nghe<\/h2>\t\t<\/div>\n\t\t\t\t<\/div>\n\t\t\t\t<div class=\"elementor-element elementor-element-c3ac61c elementor-widget elementor-widget-text-editor\" data-id=\"c3ac61c\" data-element_type=\"widget\" data-settings=\"{&quot;ekit_we_effect_on&quot;:&quot;none&quot;}\" data-widget_type=\"text-editor.default\">\n\t\t\t\t<div class=\"elementor-widget-container\">\n\t\t\t\t\t\t\t<p>Ch\u00fang t\u00f4i qu\u00fd tr\u1ecdng m\u1ecdi c\u01a1 h\u1ed9i \u0111\u1ec3 l\u1eafng nghe kh\u00e1ch h\u00e0ng v\u00e0 ng\u01b0\u1eddi ti\u00eau d\u00f9ng, th\u1ea5u hi\u1ec3u c\u00e1c m\u1ed1i quan t\u00e2m c\u1ee7a h\u1ecd, x\u1eed l\u00fd c\u00e1c v\u1ea5n \u0111\u1ec1 quan tr\u1ecdng v\u00e0 sau \u0111\u00f3 l\u00e0 thi\u1ebft l\u1eadp c\u00e1c \u00fd t\u01b0\u1edfng m\u1edbi. Hi\u1ec3u r\u00f5 \u0111\u01b0\u1ee3c m\u1ed1i quan t\u00e2m c\u1ee7a kh\u00e1ch h\u00e0ng s\u1ebd gi\u00fap ch\u00fang t\u00f4i ph\u00e1t tri\u1ec3n chi\u1ebfn l\u01b0\u1ee3c v\u00e0 \u0111\u00e1p \u1ee9ng t\u1ed1t h\u01a1n nhu c\u1ea7u c\u1ee7a x\u00e3 h\u1ed9i.<\/p>\t\t\t\t\t\t<\/div>\n\t\t\t\t<\/div>\n\t\t\t\t\t<\/div>\n\t\t<\/div>\n\t\t\t\t<div class=\"elementor-column elementor-col-33 elementor-inner-column elementor-element elementor-element-a2b6f36\" data-id=\"a2b6f36\" data-element_type=\"column\">\n\t\t\t<div class=\"elementor-widget-wrap elementor-element-populated\">\n\t\t\t\t\t\t\t\t<div class=\"elementor-element elementor-element-e926f7d elementor-widget elementor-widget-html\" data-id=\"e926f7d\" data-element_type=\"widget\" data-settings=\"{&quot;ekit_we_effect_on&quot;:&quot;none&quot;}\" data-widget_type=\"html.default\">\n\t\t\t\t<div class=\"elementor-widget-container\">\n\t\t\t<div class=\"icon\">2<\/div>\n<style>\n.icon {\n    width: 89px;\n    height: 89px;\n    line-height: 89px;\n    text-align: center;\n    font-size: 50px;\n    color: #f6f6f6;\n    background: #00517f;\n    border-radius: 100%;\n    display: table;\n    margin: 0 auto;\n}\n<\/style>\t\t<\/div>\n\t\t\t\t<\/div>\n\t\t\t\t<div class=\"elementor-element elementor-element-bee0f30 elementor-widget elementor-widget-heading\" data-id=\"bee0f30\" data-element_type=\"widget\" data-settings=\"{&quot;ekit_we_effect_on&quot;:&quot;none&quot;}\" data-widget_type=\"heading.default\">\n\t\t\t\t<div class=\"elementor-widget-container\">\n\t\t\t<h2 class=\"elementor-heading-title elementor-size-default\">Ch\u00fang t\u00f4i y\u00eau c\u1ea7u<\/h2>\t\t<\/div>\n\t\t\t\t<\/div>\n\t\t\t\t<div class=\"elementor-element elementor-element-9cbcbbc elementor-widget elementor-widget-text-editor\" data-id=\"9cbcbbc\" data-element_type=\"widget\" data-settings=\"{&quot;ekit_we_effect_on&quot;:&quot;none&quot;}\" data-widget_type=\"text-editor.default\">\n\t\t\t\t<div class=\"elementor-widget-container\">\n\t\t\t\t\t\t\t<p>QVD Food li\u00ean t\u1ee5c tham gia v\u00e0o c\u00e1c bu\u1ed5i th\u1ea3o lu\u1eadn v\u1edbi c\u00e1c nh\u00e0 cung c\u1ea5p, th\u00f4ng qua gi\u00e1o d\u1ee5c \u0111\u1ec3 h\u1ecdc h\u1ecfi nh\u1eefng ph\u01b0\u01a1ng ph\u00e1p m\u1edbi duy tr\u00ec v\u00e0 n\u00e2ng cao c\u00e1c k\u1ef9 thu\u1eadt khai th\u00e1c b\u1ec1n v\u1eefng. Ti\u00eau chu\u1ea9n c\u1ee7a ch\u00fang t\u00f4i \u0111\u01b0\u1ee3c gi\u00e1m s\u00e1t b\u1edfi \u0111\u1ed9i ng\u0169 nh\u00e2n vi\u00ean t\u1eadn t\u1ee5y, nh\u1eefng ng\u01b0\u1eddi th\u01b0\u1eddng xuy\u00ean \u0111\u1ebfn th\u0103m c\u00e1c nh\u00e0 cung \u1ee9ng \u0111\u1ec3 \u0111\u00e1nh gi\u00e1 qu\u00e1 tr\u00ecnh ho\u1ea1t \u0111\u1ed9ng c\u1ee7a h\u1ecd v\u00e0 \u0111\u1ea3m b\u1ea3o r\u1eb1ng h\u1ecd tu\u00e2n th\u1ee7 c\u00e1c quy t\u1eafc m\u00e0 QVD Food \u0111\u1ec1 ra.<\/p>\t\t\t\t\t\t<\/div>\n\t\t\t\t<\/div>\n\t\t\t\t\t<\/div>\n\t\t<\/div>\n\t\t\t\t<div class=\"elementor-column elementor-col-33 elementor-inner-column elementor-element elementor-element-72ecf8e\" data-id=\"72ecf8e\" data-element_type=\"column\">\n\t\t\t<div class=\"elementor-widget-wrap elementor-element-populated\">\n\t\t\t\t\t\t\t\t<div class=\"elementor-element elementor-element-23b0cc8 elementor-widget elementor-widget-html\" data-id=\"23b0cc8\" data-element_type=\"widget\" data-settings=\"{&quot;ekit_we_effect_on&quot;:&quot;none&quot;}\" data-widget_type=\"html.default\">\n\t\t\t\t<div class=\"elementor-widget-container\">\n\t\t\t<div class=\"icon\">3<\/div>\n<style>\n.icon {\n    width: 89px;\n    height: 89px;\n    line-height: 89px;\n    text-align: center;\n    font-size: 50px;\n    color: #f6f6f6;\n    background: #00517f;\n    border-radius: 100%;\n    display: table;\n    margin: 0 auto;\n}\n<\/style>\t\t<\/div>\n\t\t\t\t<\/div>\n\t\t\t\t<div class=\"elementor-element elementor-element-1295160 elementor-widget elementor-widget-heading\" data-id=\"1295160\" data-element_type=\"widget\" data-settings=\"{&quot;ekit_we_effect_on&quot;:&quot;none&quot;}\" data-widget_type=\"heading.default\">\n\t\t\t\t<div class=\"elementor-widget-container\">\n\t\t\t<h2 class=\"elementor-heading-title elementor-size-default\">Ch\u00fang t\u00f4i \u0111\u1ed5i m\u1edbi<\/h2>\t\t<\/div>\n\t\t\t\t<\/div>\n\t\t\t\t<div class=\"elementor-element elementor-element-92c36e2 elementor-widget elementor-widget-text-editor\" data-id=\"92c36e2\" data-element_type=\"widget\" data-settings=\"{&quot;ekit_we_effect_on&quot;:&quot;none&quot;}\" data-widget_type=\"text-editor.default\">\n\t\t\t\t<div class=\"elementor-widget-container\">\n\t\t\t\t\t\t\t<div class=\"why\"><div class=\"wrapper\"><div class=\"fix\"><div class=\"item\"><p>Ch\u00fang t\u00f4i tin r\u1eb1ng vi\u1ec7c \u0111\u1ea7u t\u01b0 v\u00e0o nghi\u00ean c\u1ee9u v\u00e0 ph\u00e1t tri\u1ec3n ki\u1ebfn th\u1ee9c m\u1edbi s\u1ebd l\u00e0 ch\u00eca kh\u00f3a l\u00e0m t\u0103ng s\u1ea3n l\u01b0\u1ee3ng nu\u00f4i tr\u1ed3ng th\u1ee7y s\u1ea3n m\u1ed9t c\u00e1ch b\u1ec1n v\u1eefng. T\u1ea1i QVD Food, ch\u00fang t\u00f4i t\u1eadn d\u1ee5ng chu\u1ed7i gi\u00e1 tr\u1ecb t\u00edch h\u1ee3p to\u00e0n di\u1ec7n c\u1ee7a m\u00ecnh \u0111\u01b0\u1ee3c h\u1ed7 tr\u1ee3 b\u1edfi c\u00f4ng ngh\u1ec7 m\u1edbi ti\u00ean ti\u1ebfn \u0111\u1ec3 c\u1ea3i ti\u1ebfn m\u1ecdi th\u1ee9 kh\u00f4ng ng\u1eebng ngh\u1ec9. M\u1ee5c ti\u00eau c\u1ee7a QVD Food l\u00e0 to\u00e0n quy\u1ec1n ki\u1ec3m so\u00e1t trong t\u1ea5t c\u1ea3 c\u00e1c kh\u00e2u t\u1eeb s\u1ea3n xu\u1ea5t con gi\u1ed1ng, th\u1ee9c \u0103n, ch\u0103n nu\u00f4i \u0111\u1ebfn thu ho\u1ea1ch v\u00e0 ch\u1ebf bi\u1ebfn.\u0110i\u1ec1u n\u00e0y mang l\u1ea1i cho ch\u00fang t\u00f4i nh\u1eefng c\u01a1 h\u1ed9i \u0111\u1eb7c bi\u1ec7t, \u0111i\u1ec1u m\u00e0 khi ho\u1ea1t \u0111\u1ed9ng ri\u00eang l\u1ebb kh\u00f3 m\u00e0 \u0111\u1ea1t \u0111\u01b0\u1ee3c. Ch\u00fang t\u00f4i thu th\u1eadp d\u1eef li\u1ec7u, kinh nghi\u1ec7m th\u1ef1c ti\u1ec5n v\u00e0 ho\u1ea1t \u0111\u1ed9ng s\u1ea3n xu\u1ea5t t\u1eeb kh\u1eafp n\u01a1i tr\u00ean Th\u1ebf Gi\u1edbi. \u0110i\u1ec1u n\u00e0y cho ph\u00e9p ch\u00fang t\u00f4i t\u00e1i thi\u1ebft l\u1eadp v\u1edbi m\u1ee9c \u0111\u1ed9 ch\u00ednh x\u00e1c cao h\u01a1n c\u00e1c \u0111\u1ed1i th\u1ee7 c\u1ea1nh tranh v\u00e0 gi\u00fap ch\u00fang t\u00f4i d\u1eabn \u0111\u1ea7u trong ng\u00e0nh th\u1ee7y s\u1ea3n.<\/p><\/div><\/div><\/div><\/div><div class=\"banner_b\"><div class=\"thumb\">\u00a0<\/div><div class=\"nd\"><div class=\"wrapper\">\u00a0<\/div><\/div><\/div>\t\t\t\t\t\t<\/div>\n\t\t\t\t<\/div>\n\t\t\t\t\t<\/div>\n\t\t<\/div>\n\t\t\t\t\t\t\t<\/div>\n\t\t<\/section>\n\t\t\t\t\t<\/div>\n\t\t<\/div>\n\t\t\t\t\t\t\t<\/div>\n\t\t<\/section>\n\t\t\t\t\t\t\t<\/div>","protected":false},"excerpt":{"rendered":"<p>Nu\u00f4i tr\u1ed3ng th\u1ee7y s\u1ea3n b\u1ec1n v\u1eefng Nu\u00f4i tr\u1ed3ng th\u1ee7y s\u1ea3n b\u1ec1n v\u1eefng l\u00e0 quan t\u00e2m \u0111\u1ebfn s\u1ef1 ph\u00e1t tri\u1ec3n c\u1ee7a c\u00e1c qu\u1ea7n th\u1ec3 \u0111ang khai th\u00e1c c\u0169ng nh\u01b0 b\u1ea3o t\u1ed3n h\u1ec7 sinh th\u00e1i v\u00e0 m\u1ed9t h\u00e0nh tinh l\u00e0nh m\u1ea1nh. T\u1ea1i QVD Food, ch\u00fang t\u00f4i c\u00f3 ni\u1ec1m tin v\u1eefng ch\u1eafc r\u1eb1ng, b\u1eb1ng c\u00e1ch nu\u00f4i tr\u1ed3ng t\u1ea1i [&hellip;]<\/p>","protected":false},"author":1,"featured_media":0,"parent":0,"menu_order":0,"comment_status":"closed","ping_status":"closed","template":"elementor_header_footer","meta":[],"yoast_head":"<!-- This site is optimized with the Yoast SEO Premium plugin v19.2 (Yoast SEO v20.2.1) - https:\/\/yoast.com\/wordpress\/plugins\/seo\/ -->\n<title>Ph\u00e1t tri\u1ec3n b\u1ec1n v\u1eefng - website QVDFOOD<\/title>\n<meta name=\"robots\" content=\"index, follow, max-snippet:-1, max-image-preview:large, max-video-preview:-1\" \/>\n<link rel=\"canonical\" href=\"https:\/\/qvdaqua.com\/en\/phat-trien-ben-vung\/\" \/>\n<meta property=\"og:locale\" content=\"en_US\" \/>\n<meta property=\"og:type\" content=\"article\" \/>\n<meta property=\"og:title\" content=\"Ph\u00e1t tri\u1ec3n b\u1ec1n v\u1eefng\" \/>\n<meta property=\"og:description\" content=\"Nu\u00f4i tr\u1ed3ng th\u1ee7y s\u1ea3n b\u1ec1n v\u1eefng Nu\u00f4i tr\u1ed3ng th\u1ee7y s\u1ea3n b\u1ec1n v\u1eefng l\u00e0 quan t\u00e2m \u0111\u1ebfn s\u1ef1 ph\u00e1t tri\u1ec3n c\u1ee7a c\u00e1c qu\u1ea7n th\u1ec3 \u0111ang khai th\u00e1c c\u0169ng nh\u01b0 b\u1ea3o t\u1ed3n h\u1ec7 sinh th\u00e1i v\u00e0 m\u1ed9t h\u00e0nh tinh l\u00e0nh m\u1ea1nh. T\u1ea1i QVD Food, ch\u00fang t\u00f4i c\u00f3 ni\u1ec1m tin v\u1eefng ch\u1eafc r\u1eb1ng, b\u1eb1ng c\u00e1ch nu\u00f4i tr\u1ed3ng t\u1ea1i [&hellip;]\" \/>\n<meta property=\"og:url\" content=\"https:\/\/qvdaqua.com\/en\/phat-trien-ben-vung\/\" \/>\n<meta property=\"og:site_name\" content=\"website QVDFOOD\" \/>\n<meta property=\"article:modified_time\" content=\"2023-03-14T04:39:08+00:00\" \/>\n<meta property=\"og:image\" content=\"http:\/\/qvdaqua.com\/wp-content\/uploads\/2023\/03\/banner-phattrien-1024x683.png\" \/>\n<meta name=\"twitter:card\" content=\"summary_large_image\" \/>\n<meta name=\"twitter:label1\" content=\"Est. reading time\" \/>\n\t<meta name=\"twitter:data1\" content=\"4 minutes\" \/>\n<script type=\"application\/ld+json\" class=\"yoast-schema-graph\">{\"@context\":\"https:\/\/schema.org\",\"@graph\":[{\"@type\":\"WebPage\",\"@id\":\"https:\/\/qvdaqua.com\/phat-trien-ben-vung\/\",\"url\":\"https:\/\/qvdaqua.com\/phat-trien-ben-vung\/\",\"name\":\"Ph\u00e1t tri\u1ec3n b\u1ec1n v\u1eefng - website QVDFOOD\",\"isPartOf\":{\"@id\":\"https:\/\/qvdaqua.com\/#website\"},\"datePublished\":\"2023-03-05T06:58:18+00:00\",\"dateModified\":\"2023-03-14T04:39:08+00:00\",\"breadcrumb\":{\"@id\":\"https:\/\/qvdaqua.com\/phat-trien-ben-vung\/#breadcrumb\"},\"inLanguage\":\"en-US\",\"potentialAction\":[{\"@type\":\"ReadAction\",\"target\":[\"https:\/\/qvdaqua.com\/phat-trien-ben-vung\/\"]}]},{\"@type\":\"BreadcrumbList\",\"@id\":\"https:\/\/qvdaqua.com\/phat-trien-ben-vung\/#breadcrumb\",\"itemListElement\":[{\"@type\":\"ListItem\",\"position\":1,\"name\":\"Trang ch\u1ee7\",\"item\":\"https:\/\/qvdaqua.com\/en\/\"},{\"@type\":\"ListItem\",\"position\":2,\"name\":\"Ph\u00e1t tri\u1ec3n b\u1ec1n v\u1eefng\"}]},{\"@type\":\"WebSite\",\"@id\":\"https:\/\/qvdaqua.com\/#website\",\"url\":\"https:\/\/qvdaqua.com\/\",\"name\":\"website QVDFOOD\",\"description\":\"\",\"publisher\":{\"@id\":\"https:\/\/qvdaqua.com\/#organization\"},\"potentialAction\":[{\"@type\":\"SearchAction\",\"target\":{\"@type\":\"EntryPoint\",\"urlTemplate\":\"https:\/\/qvdaqua.com\/?s={search_term_string}\"},\"query-input\":\"required name=search_term_string\"}],\"inLanguage\":\"en-US\"},{\"@type\":\"Organization\",\"@id\":\"https:\/\/qvdaqua.com\/#organization\",\"name\":\"website QVDFOOD\",\"url\":\"https:\/\/qvdaqua.com\/\",\"logo\":{\"@type\":\"ImageObject\",\"inLanguage\":\"en-US\",\"@id\":\"https:\/\/qvdaqua.com\/#\/schema\/logo\/image\/\",\"url\":\"https:\/\/qvdaqua.com\/wp-content\/uploads\/2023\/03\/logo-QVD.png\",\"contentUrl\":\"https:\/\/qvdaqua.com\/wp-content\/uploads\/2023\/03\/logo-QVD.png\",\"width\":771,\"height\":938,\"caption\":\"website QVDFOOD\"},\"image\":{\"@id\":\"https:\/\/qvdaqua.com\/#\/schema\/logo\/image\/\"}}]}<\/script>\n<!-- \/ Yoast SEO Premium plugin. -->","yoast_head_json":{"title":"Ph\u00e1t tri\u1ec3n b\u1ec1n v\u1eefng - website QVDFOOD","robots":{"index":"index","follow":"follow","max-snippet":"max-snippet:-1","max-image-preview":"max-image-preview:large","max-video-preview":"max-video-preview:-1"},"canonical":"https:\/\/qvdaqua.com\/en\/phat-trien-ben-vung\/","og_locale":"en_US","og_type":"article","og_title":"Ph\u00e1t tri\u1ec3n b\u1ec1n v\u1eefng","og_description":"Nu\u00f4i tr\u1ed3ng th\u1ee7y s\u1ea3n b\u1ec1n v\u1eefng Nu\u00f4i tr\u1ed3ng th\u1ee7y s\u1ea3n b\u1ec1n v\u1eefng l\u00e0 quan t\u00e2m \u0111\u1ebfn s\u1ef1 ph\u00e1t tri\u1ec3n c\u1ee7a c\u00e1c qu\u1ea7n th\u1ec3 \u0111ang khai th\u00e1c c\u0169ng nh\u01b0 b\u1ea3o t\u1ed3n h\u1ec7 sinh th\u00e1i v\u00e0 m\u1ed9t h\u00e0nh tinh l\u00e0nh m\u1ea1nh. T\u1ea1i QVD Food, ch\u00fang t\u00f4i c\u00f3 ni\u1ec1m tin v\u1eefng ch\u1eafc r\u1eb1ng, b\u1eb1ng c\u00e1ch nu\u00f4i tr\u1ed3ng t\u1ea1i [&hellip;]","og_url":"https:\/\/qvdaqua.com\/en\/phat-trien-ben-vung\/","og_site_name":"website QVDFOOD","article_modified_time":"2023-03-14T04:39:08+00:00","og_image":[{"url":"http:\/\/qvdaqua.com\/wp-content\/uploads\/2023\/03\/banner-phattrien-1024x683.png"}],"twitter_card":"summary_large_image","twitter_misc":{"Est. reading time":"4 minutes"},"schema":{"@context":"https:\/\/schema.org","@graph":[{"@type":"WebPage","@id":"https:\/\/qvdaqua.com\/phat-trien-ben-vung\/","url":"https:\/\/qvdaqua.com\/phat-trien-ben-vung\/","name":"Ph\u00e1t tri\u1ec3n b\u1ec1n v\u1eefng - website QVDFOOD","isPartOf":{"@id":"https:\/\/qvdaqua.com\/#website"},"datePublished":"2023-03-05T06:58:18+00:00","dateModified":"2023-03-14T04:39:08+00:00","breadcrumb":{"@id":"https:\/\/qvdaqua.com\/phat-trien-ben-vung\/#breadcrumb"},"inLanguage":"en-US","potentialAction":[{"@type":"ReadAction","target":["https:\/\/qvdaqua.com\/phat-trien-ben-vung\/"]}]},{"@type":"BreadcrumbList","@id":"https:\/\/qvdaqua.com\/phat-trien-ben-vung\/#breadcrumb","itemListElement":[{"@type":"ListItem","position":1,"name":"Trang ch\u1ee7","item":"https:\/\/qvdaqua.com\/en\/"},{"@type":"ListItem","position":2,"name":"Ph\u00e1t tri\u1ec3n b\u1ec1n v\u1eefng"}]},{"@type":"WebSite","@id":"https:\/\/qvdaqua.com\/#website","url":"https:\/\/qvdaqua.com\/","name":"website QVDFOOD","description":"","publisher":{"@id":"https:\/\/qvdaqua.com\/#organization"},"potentialAction":[{"@type":"SearchAction","target":{"@type":"EntryPoint","urlTemplate":"https:\/\/qvdaqua.com\/?s={search_term_string}"},"query-input":"required name=search_term_string"}],"inLanguage":"en-US"},{"@type":"Organization","@id":"https:\/\/qvdaqua.com\/#organization","name":"website QVDFOOD","url":"https:\/\/qvdaqua.com\/","logo":{"@type":"ImageObject","inLanguage":"en-US","@id":"https:\/\/qvdaqua.com\/#\/schema\/logo\/image\/","url":"https:\/\/qvdaqua.com\/wp-content\/uploads\/2023\/03\/logo-QVD.png","contentUrl":"https:\/\/qvdaqua.com\/wp-content\/uploads\/2023\/03\/logo-QVD.png","width":771,"height":938,"caption":"website QVDFOOD"},"image":{"@id":"https:\/\/qvdaqua.com\/#\/schema\/logo\/image\/"}}]}},"acf":[],"_links":{"self":[{"href":"https:\/\/qvdaqua.com\/en\/wp-json\/wp\/v2\/pages\/46"}],"collection":[{"href":"https:\/\/qvdaqua.com\/en\/wp-json\/wp\/v2\/pages"}],"about":[{"href":"https:\/\/qvdaqua.com\/en\/wp-json\/wp\/v2\/types\/page"}],"author":[{"embeddable":true,"href":"https:\/\/qvdaqua.com\/en\/wp-json\/wp\/v2\/users\/1"}],"replies":[{"embeddable":true,"href":"https:\/\/qvdaqua.com\/en\/wp-json\/wp\/v2\/comments?post=46"}],"version-history":[{"count":41,"href":"https:\/\/qvdaqua.com\/en\/wp-json\/wp\/v2\/pages\/46\/revisions"}],"predecessor-version":[{"id":1195,"href":"https:\/\/qvdaqua.com\/en\/wp-json\/wp\/v2\/pages\/46\/revisions\/1195"}],"wp:attachment":[{"href":"https:\/\/qvdaqua.com\/en\/wp-json\/wp\/v2\/media?parent=46"}],"curies":[{"name":"wp","href":"https:\/\/api.w.org\/{rel}","templated":true}]}}